{"id":751,"date":"2024-03-22T00:10:09","date_gmt":"2024-03-22T00:10:09","guid":{"rendered":"https:\/\/avokatmalvinalika.com\/?page_id=751"},"modified":"2024-05-11T00:03:48","modified_gmt":"2024-05-11T00:03:48","slug":"sherbimet","status":"publish","type":"page","link":"https:\/\/avokatmalvinalika.com\/sq\/sherbimet\/","title":{"rendered":"Sh\u00ebrbimet"},"content":{"rendered":"\t\t<div data-elementor-type=\"wp-page\" data-elementor-id=\"751\" class=\"elementor elementor-751 elementor-39\" data-elementor-post-type=\"page\">\n\t\t\t\t\t\t<section class=\"elementor-section elementor-top-section elementor-element elementor-element-1146f2a0 elementor-section-stretched elementor-section-boxed elementor-section-height-default elementor-section-height-default\" data-id=\"1146f2a0\" data-element_type=\"section\" data-e-type=\"section\" data-settings=\"{&quot;stretch_section&quot;:&quot;section-stretched&quot;,&quot;background_background&quot;:&quot;classic&quot;}\">\n\t\t\t\t\t\t<div class=\"elementor-container elementor-column-gap-default\">\n\t\t\t\t\t<div class=\"elementor-column elementor-col-100 elementor-top-column elementor-element elementor-element-5f243ff1\" data-id=\"5f243ff1\" data-element_type=\"column\" data-e-type=\"column\">\n\t\t\t<div class=\"elementor-widget-wrap elementor-element-populated\">\n\t\t\t\t\t\t<div class=\"elementor-element elementor-element-1fc6183b elementor-widget elementor-widget-themedraft_section_title\" data-id=\"1fc6183b\" data-element_type=\"widget\" data-e-type=\"widget\" data-widget_type=\"themedraft_section_title.default\">\n\t\t\t\t<div class=\"elementor-widget-container\">\n\t\t\t\t\t\n        <div class=\"row\">\n            <div class=\"col-lg-12\">\n                <div class=\"td-section-title-wrap\">\n                    <div class=\"td-section-title-content\">\n\n                        <div class=\"subtitle-and-title\">\n                                                        <h6 class=\"subtitle\">Ne ofrojm\u00eb\n\n<\/h6>\n                            \n                            <h2 class=\"title\">Sh\u00ebrbime  Ligjore dhe Nd\u00ebrmjet\u00ebsuese<br \/>\n<br \/>\n                            <\/h2>\n                        <\/div>\n                                            <\/div>\n                <\/div>\n            <\/div>\n        <\/div>\n\n\t\t\t\t\t\t<\/div>\n\t\t\t\t<\/div>\n\t\t\t\t<div class=\"elementor-element elementor-element-83bc3f2 elementor-widget elementor-widget-themedraft_service_box\" data-id=\"83bc3f2\" data-element_type=\"widget\" data-e-type=\"widget\" data-widget_type=\"themedraft_service_box.default\">\n\t\t\t\t<div class=\"elementor-widget-container\">\n\t\t\t\t\t\n        <div class=\"row\">\n\n\t\t\t\n                    <div class=\"col-lg-6 col-md-6\">\n\n\t\t\t\t\t\t                        <a href=\"https:\/\/avokatmalvinalika.com\/sq\/service\/ligji-i-demshperblimeve\/\" >\n\t\t\t\t\t\t\t\n                            <div class=\"td-single-service-box\">\n                                <div class=\"service-box-icon\">\n                                    <div class=\"background-icon\"><i class=\"flaticon-law-hexagon-2\"><\/i><\/div>\n\n                                    <div class=\"service-box-main-icon\">\n\t\t\t\t\t\t\t\t\t\t\t\t\t\t\t\t\t\t\t\t\t<i aria-hidden=\"true\" class=\"td-icon flaticon-law-balance\"><\/i>\t\t\t\t\t\t\t\t\t\t                                    <\/div>\n                                <\/div>\n\n                                <div class=\"service-content\">\n\t\t\t\t\t\t\t\t\t                                        <h4 class=\"td-service-title\"> Ligji i D\u00ebmshp\u00ebrblimeve\n<\/h4>\n\t\t\t\t\t\t\t\t\t\n                                    <div class=\"service-desc\">\n\t\t\t\t\t\t\t\t\t\tN\u00eb zyr\u00ebn e avokatis\u00eb Malvina Lika, ne jemi t\u00eb specializuar n\u00eb ofrimin e sh\u00ebrbimeve ligjore gjith\u00ebp\u00ebrfshir\u00ebse n\u00eb fusha t\u00eb ndryshme t\u00eb ligjit t\u00eb kompensimit. Ekspertiza jon\u00eb p\u00ebrfshin trajtimin e k\u00ebrkesave p\u00ebr d\u00ebme dhe l\u00ebndime q\u00eb rezultojn\u00eb nga aksidentet e trafikut rrugor, duke siguruar q\u00eb viktimat t\u00eb marrin kompensimin e duhur q\u00eb meritojn\u00eb.                                    <\/div>\n                                <\/div>\n                            <\/div>\n\n\t\t\t\t\t\t\t                        <\/a>\n\t\t\t\t\t                    <\/div>\n\n\t\t\t\t\n                    <div class=\"col-lg-6 col-md-6\">\n\n\t\t\t\t\t\t                        <a href=\"https:\/\/avokatmalvinalika.com\/sq\/service\/avokati-per-shoqerite-tregtare\/\" >\n\t\t\t\t\t\t\t\n                            <div class=\"td-single-service-box\">\n                                <div class=\"service-box-icon\">\n                                    <div class=\"background-icon\"><i class=\"flaticon-law-hexagon-2\"><\/i><\/div>\n\n                                    <div class=\"service-box-main-icon\">\n\t\t\t\t\t\t\t\t\t\t\t\t\t\t\t\t\t\t\t\t\t<i aria-hidden=\"true\" class=\"td-icon flaticon-business-business-and-finance-1\"><\/i>\t\t\t\t\t\t\t\t\t\t                                    <\/div>\n                                <\/div>\n\n                                <div class=\"service-content\">\n\t\t\t\t\t\t\t\t\t                                        <h4 class=\"td-service-title\">Avokati p\u00ebr Shoq\u00ebrit\u00eb Tregtare<\/h4>\n\t\t\t\t\t\t\t\t\t\n                                    <div class=\"service-desc\">\n\t\t\t\t\t\t\t\t\t\tMalvina Lika ofron sh\u00ebrbime ligjore eksperte t\u00eb p\u00ebrshtatura p\u00ebr nevojat e ndryshme t\u00eb subjekteve tregtare. N\u00ebse jeni duke k\u00ebrkuar t\u00eb filloni nj\u00eb biznes t\u00eb ri, t\u00eb modifikoni nj\u00eb kompani ekzistuese ose t\u00eb lundroni n\u00eb kompleksitetin e likuidimit t\u00eb biznesit, zyra jon\u00eb ofron ndihm\u00eb me njohuri n\u00eb \u00e7do hap t\u00eb rrug\u00ebs. Ne sigurojm\u00eb tranzicion t\u00eb qet\u00eb dhe pajtueshm\u00ebri ligjore.                                    <\/div>\n                                <\/div>\n                            <\/div>\n\n\t\t\t\t\t\t\t                        <\/a>\n\t\t\t\t\t                    <\/div>\n\n\t\t\t\t\n                    <div class=\"col-lg-6 col-md-6\">\n\n\t\t\t\t\t\t                        <a href=\"https:\/\/avokatmalvinalika.com\/sq\/service\/sherbime-ligjore-per-investitoret-e-huaj\/\" >\n\t\t\t\t\t\t\t\n                            <div class=\"td-single-service-box\">\n                                <div class=\"service-box-icon\">\n                                    <div class=\"background-icon\"><i class=\"flaticon-law-hexagon-2\"><\/i><\/div>\n\n                                    <div class=\"service-box-main-icon\">\n\t\t\t\t\t\t\t\t\t\t\t\t\t\t\t\t\t\t\t\t\t<i aria-hidden=\"true\" class=\"td-icon flaticon-law-bag\"><\/i>\t\t\t\t\t\t\t\t\t\t                                    <\/div>\n                                <\/div>\n\n                                <div class=\"service-content\">\n\t\t\t\t\t\t\t\t\t                                        <h4 class=\"td-service-title\">Sh\u00ebrbime Ligjore p\u00ebr Investitor\u00ebt e Huaj\n<\/h4>\n\t\t\t\t\t\t\t\t\t\n                                    <div class=\"service-desc\">\n\t\t\t\t\t\t\t\t\t\tZyra e Avokatis\u00eb Malvina Lika ofron sh\u00ebrbime t\u00eb specializuara ligjore p\u00ebr investitor\u00ebt e huaj q\u00eb k\u00ebrkojn\u00eb t\u00eb krijojn\u00eb ose zgjerojn\u00eb veprimtarin\u00eb e tyre n\u00eb Shqip\u00ebri. Duke kuptuar nuancat e peizazhit t\u00eb biznesit lokal, ne ofrojm\u00eb konsultime t\u00eb ekspert\u00ebve p\u00ebr struktur\u00ebn e kapitalit p\u00ebr t'ju ndihmuar t\u00eb merrni vendime t\u00eb informuara n\u00eb lidhje me investimet tuaja dhe t\u00eb siguroni organizime optimale financiare p\u00ebr sukses.                                    <\/div>\n                                <\/div>\n                            <\/div>\n\n\t\t\t\t\t\t\t                        <\/a>\n\t\t\t\t\t                    <\/div>\n\n\t\t\t\t\n                    <div class=\"col-lg-6 col-md-6\">\n\n\t\t\t\t\t\t                        <a href=\"https:\/\/avokatmalvinalika.com\/sq\/service\/sherbime-ligjore-per-transaksione-te-pronave-te-patundshme\/\" >\n\t\t\t\t\t\t\t\n                            <div class=\"td-single-service-box\">\n                                <div class=\"service-box-icon\">\n                                    <div class=\"background-icon\"><i class=\"flaticon-law-hexagon-2\"><\/i><\/div>\n\n                                    <div class=\"service-box-main-icon\">\n\t\t\t\t\t\t\t\t\t\t\t\t\t\t\t\t\t\t\t\t\t<i aria-hidden=\"true\" class=\"td-icon flaticon-law-auction-1\"><\/i>\t\t\t\t\t\t\t\t\t\t                                    <\/div>\n                                <\/div>\n\n                                <div class=\"service-content\">\n\t\t\t\t\t\t\t\t\t                                        <h4 class=\"td-service-title\">Sh\u00ebrbime Ligjore p\u00ebr Transaksione t\u00eb Pronave t\u00eb Patundshme\n<\/h4>\n\t\t\t\t\t\t\t\t\t\n                                    <div class=\"service-desc\">\n\t\t\t\t\t\t\t\t\t\tZyra e Avokatis\u00eb Malvina Lika ofron sh\u00ebrbime ligjore gjith\u00ebp\u00ebrfshir\u00ebse t\u00eb p\u00ebrshtatura p\u00ebr nevojat e transaksioneve t\u00eb pasurive t\u00eb paluajtshme, duke siguruar q\u00eb si bler\u00ebsit ashtu edhe shit\u00ebsit t\u00eb lundrojn\u00eb n\u00eb kompleksitetin e tregut t\u00eb pasurive t\u00eb paluajtshme me mb\u00ebshtetjen e ekspert\u00ebve. Ne ofrojm\u00eb ndihm\u00eb thelb\u00ebsore ligjore gjat\u00eb gjith\u00eb procesit t\u00eb blerjes ose shitjes s\u00eb pron\u00ebs.                                    <\/div>\n                                <\/div>\n                            <\/div>\n\n\t\t\t\t\t\t\t                        <\/a>\n\t\t\t\t\t                    <\/div>\n\n\t\t\t\t\n        <\/div>\n\n\t\t\t\t\t\t<\/div>\n\t\t\t\t<\/div>\n\t\t\t\t\t<\/div>\n\t\t<\/div>\n\t\t\t\t\t<\/div>\n\t\t<\/section>\n\t\t\t\t<\/div>\n\t\t","protected":false},"excerpt":{"rendered":"<p>Ne ofrojm\u00eb Sh\u00ebrbime Ligjore dhe Nd\u00ebrmjet\u00ebsuese Ligji i D\u00ebmshp\u00ebrblimeve N\u00eb zyr\u00ebn e avokatis\u00eb Malvina Lika, ne jemi t\u00eb specializuar n\u00eb ofrimin e sh\u00ebrbimeve ligjore gjith\u00ebp\u00ebrfshir\u00ebse n\u00eb fusha t\u00eb ndryshme t\u00eb ligjit t\u00eb kompensimit. Ekspertiza jon\u00eb p\u00ebrfshin trajtimin e k\u00ebrkesave p\u00ebr d\u00ebme dhe l\u00ebndime q\u00eb rezultojn\u00eb nga aksidentet e trafikut rrugor, duke siguruar q\u00eb viktimat t\u00eb [&hellip;]<\/p>\n","protected":false},"author":1,"featured_media":0,"parent":0,"menu_order":0,"comment_status":"closed","ping_status":"closed","template":"","meta":{"_joinchat":[],"footnotes":""},"class_list":["post-751","page","type-page","status-publish","hentry"],"yoast_head":"<!-- This site is optimized with the Yoast SEO plugin v26.9 - https:\/\/yoast.com\/product\/yoast-seo-wordpress\/ -->\n<title>Sh\u00ebrbimet - Avokat &amp; Nd\u00ebrmjet\u00ebs Malvina Lika<\/title>\n<meta name=\"robots\" content=\"index, follow, max-snippet:-1, max-image-preview:large, max-video-preview:-1\" \/>\n<link rel=\"canonical\" href=\"https:\/\/avokatmalvinalika.com\/services\/\" \/>\n<meta property=\"og:locale\" content=\"sq_AL\" \/>\n<meta property=\"og:type\" content=\"article\" \/>\n<meta property=\"og:title\" content=\"Sh\u00ebrbimet - Avokat &amp; Nd\u00ebrmjet\u00ebs Malvina Lika\" \/>\n<meta property=\"og:description\" content=\"Ne ofrojm\u00eb Sh\u00ebrbime Ligjore dhe Nd\u00ebrmjet\u00ebsuese Ligji i D\u00ebmshp\u00ebrblimeve N\u00eb zyr\u00ebn e avokatis\u00eb Malvina Lika, ne jemi t\u00eb specializuar n\u00eb ofrimin e sh\u00ebrbimeve ligjore gjith\u00ebp\u00ebrfshir\u00ebse n\u00eb fusha t\u00eb ndryshme t\u00eb ligjit t\u00eb kompensimit. Ekspertiza jon\u00eb p\u00ebrfshin trajtimin e k\u00ebrkesave p\u00ebr d\u00ebme dhe l\u00ebndime q\u00eb rezultojn\u00eb nga aksidentet e trafikut rrugor, duke siguruar q\u00eb viktimat t\u00eb [&hellip;]\" \/>\n<meta property=\"og:url\" content=\"https:\/\/avokatmalvinalika.com\/services\/\" \/>\n<meta property=\"og:site_name\" content=\"Avokat &amp; Nd\u00ebrmjet\u00ebs Malvina Lika\" \/>\n<meta property=\"article:modified_time\" content=\"2024-05-11T00:03:48+00:00\" \/>\n<meta property=\"og:image\" content=\"https:\/\/avokatmalvinalika.com\/wp-content\/uploads\/2024\/05\/cropped-MALVINA-LIKA-2.png\" \/>\n\t<meta property=\"og:image:width\" content=\"512\" \/>\n\t<meta property=\"og:image:height\" content=\"512\" \/>\n\t<meta property=\"og:image:type\" content=\"image\/png\" \/>\n<meta name=\"twitter:card\" content=\"summary_large_image\" \/>\n<meta name=\"twitter:label1\" content=\"Est. reading time\" \/>\n\t<meta name=\"twitter:data1\" content=\"2 minutes\" \/>\n<script type=\"application\/ld+json\" class=\"yoast-schema-graph\">{\"@context\":\"https:\/\/schema.org\",\"@graph\":[{\"@type\":\"WebPage\",\"@id\":\"https:\/\/avokatmalvinalika.com\/services\/\",\"url\":\"https:\/\/avokatmalvinalika.com\/services\/\",\"name\":\"Sh\u00ebrbimet - Avokat &amp; Nd\u00ebrmjet\u00ebs Malvina Lika\",\"isPartOf\":{\"@id\":\"https:\/\/avokatmalvinalika.com\/#website\"},\"datePublished\":\"2024-03-22T00:10:09+00:00\",\"dateModified\":\"2024-05-11T00:03:48+00:00\",\"breadcrumb\":{\"@id\":\"https:\/\/avokatmalvinalika.com\/services\/#breadcrumb\"},\"inLanguage\":\"sq-AL\",\"potentialAction\":[{\"@type\":\"ReadAction\",\"target\":[\"https:\/\/avokatmalvinalika.com\/services\/\"]}]},{\"@type\":\"BreadcrumbList\",\"@id\":\"https:\/\/avokatmalvinalika.com\/services\/#breadcrumb\",\"itemListElement\":[{\"@type\":\"ListItem\",\"position\":1,\"name\":\"Home\",\"item\":\"https:\/\/avokatmalvinalika.com\/sq\/\"},{\"@type\":\"ListItem\",\"position\":2,\"name\":\"Sh\u00ebrbimet\"}]},{\"@type\":\"WebSite\",\"@id\":\"https:\/\/avokatmalvinalika.com\/#website\",\"url\":\"https:\/\/avokatmalvinalika.com\/\",\"name\":\"Avokat &amp; Nd\u00ebrmjet\u00ebs Malvina Lika\",\"description\":\"Nd\u00ebrmjet\u00ebse Tirane\",\"potentialAction\":[{\"@type\":\"SearchAction\",\"target\":{\"@type\":\"EntryPoint\",\"urlTemplate\":\"https:\/\/avokatmalvinalika.com\/?s={search_term_string}\"},\"query-input\":{\"@type\":\"PropertyValueSpecification\",\"valueRequired\":true,\"valueName\":\"search_term_string\"}}],\"inLanguage\":\"sq-AL\"}]}<\/script>\n<!-- \/ Yoast SEO plugin. -->","yoast_head_json":{"title":"Sh\u00ebrbimet - Avokat &amp; Nd\u00ebrmjet\u00ebs Malvina Lika","robots":{"index":"index","follow":"follow","max-snippet":"max-snippet:-1","max-image-preview":"max-image-preview:large","max-video-preview":"max-video-preview:-1"},"canonical":"https:\/\/avokatmalvinalika.com\/services\/","og_locale":"sq_AL","og_type":"article","og_title":"Sh\u00ebrbimet - Avokat &amp; Nd\u00ebrmjet\u00ebs Malvina Lika","og_description":"Ne ofrojm\u00eb Sh\u00ebrbime Ligjore dhe Nd\u00ebrmjet\u00ebsuese Ligji i D\u00ebmshp\u00ebrblimeve N\u00eb zyr\u00ebn e avokatis\u00eb Malvina Lika, ne jemi t\u00eb specializuar n\u00eb ofrimin e sh\u00ebrbimeve ligjore gjith\u00ebp\u00ebrfshir\u00ebse n\u00eb fusha t\u00eb ndryshme t\u00eb ligjit t\u00eb kompensimit. Ekspertiza jon\u00eb p\u00ebrfshin trajtimin e k\u00ebrkesave p\u00ebr d\u00ebme dhe l\u00ebndime q\u00eb rezultojn\u00eb nga aksidentet e trafikut rrugor, duke siguruar q\u00eb viktimat t\u00eb [&hellip;]","og_url":"https:\/\/avokatmalvinalika.com\/services\/","og_site_name":"Avokat &amp; Nd\u00ebrmjet\u00ebs Malvina Lika","article_modified_time":"2024-05-11T00:03:48+00:00","og_image":[{"width":512,"height":512,"url":"https:\/\/avokatmalvinalika.com\/wp-content\/uploads\/2024\/05\/cropped-MALVINA-LIKA-2.png","type":"image\/png"}],"twitter_card":"summary_large_image","twitter_misc":{"Est. reading time":"2 minutes"},"schema":{"@context":"https:\/\/schema.org","@graph":[{"@type":"WebPage","@id":"https:\/\/avokatmalvinalika.com\/services\/","url":"https:\/\/avokatmalvinalika.com\/services\/","name":"Sh\u00ebrbimet - Avokat &amp; Nd\u00ebrmjet\u00ebs Malvina Lika","isPartOf":{"@id":"https:\/\/avokatmalvinalika.com\/#website"},"datePublished":"2024-03-22T00:10:09+00:00","dateModified":"2024-05-11T00:03:48+00:00","breadcrumb":{"@id":"https:\/\/avokatmalvinalika.com\/services\/#breadcrumb"},"inLanguage":"sq-AL","potentialAction":[{"@type":"ReadAction","target":["https:\/\/avokatmalvinalika.com\/services\/"]}]},{"@type":"BreadcrumbList","@id":"https:\/\/avokatmalvinalika.com\/services\/#breadcrumb","itemListElement":[{"@type":"ListItem","position":1,"name":"Home","item":"https:\/\/avokatmalvinalika.com\/sq\/"},{"@type":"ListItem","position":2,"name":"Sh\u00ebrbimet"}]},{"@type":"WebSite","@id":"https:\/\/avokatmalvinalika.com\/#website","url":"https:\/\/avokatmalvinalika.com\/","name":"Avokat &amp; Nd\u00ebrmjet\u00ebs Malvina Lika","description":"Nd\u00ebrmjet\u00ebse Tirane","potentialAction":[{"@type":"SearchAction","target":{"@type":"EntryPoint","urlTemplate":"https:\/\/avokatmalvinalika.com\/?s={search_term_string}"},"query-input":{"@type":"PropertyValueSpecification","valueRequired":true,"valueName":"search_term_string"}}],"inLanguage":"sq-AL"}]}},"_links":{"self":[{"href":"https:\/\/avokatmalvinalika.com\/sq\/wp-json\/wp\/v2\/pages\/751","targetHints":{"allow":["GET"]}}],"collection":[{"href":"https:\/\/avokatmalvinalika.com\/sq\/wp-json\/wp\/v2\/pages"}],"about":[{"href":"https:\/\/avokatmalvinalika.com\/sq\/wp-json\/wp\/v2\/types\/page"}],"author":[{"embeddable":true,"href":"https:\/\/avokatmalvinalika.com\/sq\/wp-json\/wp\/v2\/users\/1"}],"replies":[{"embeddable":true,"href":"https:\/\/avokatmalvinalika.com\/sq\/wp-json\/wp\/v2\/comments?post=751"}],"version-history":[{"count":19,"href":"https:\/\/avokatmalvinalika.com\/sq\/wp-json\/wp\/v2\/pages\/751\/revisions"}],"predecessor-version":[{"id":896,"href":"https:\/\/avokatmalvinalika.com\/sq\/wp-json\/wp\/v2\/pages\/751\/revisions\/896"}],"wp:attachment":[{"href":"https:\/\/avokatmalvinalika.com\/sq\/wp-json\/wp\/v2\/media?parent=751"}],"curies":[{"name":"wp","href":"https:\/\/api.w.org\/{rel}","templated":true}]}}