{"id":747,"date":"2024-03-22T00:21:49","date_gmt":"2024-03-22T00:21:49","guid":{"rendered":"https:\/\/avokatmalvinalika.com\/kontakt\/"},"modified":"2024-05-10T23:47:21","modified_gmt":"2024-05-10T23:47:21","slug":"kontakt","status":"publish","type":"page","link":"https:\/\/avokatmalvinalika.com\/sq\/kontakt\/","title":{"rendered":"Kontakt"},"content":{"rendered":"\t\t<div data-elementor-type=\"wp-page\" data-elementor-id=\"747\" class=\"elementor elementor-747 elementor-70\" data-elementor-post-type=\"page\">\n\t\t\t\t\t\t<section class=\"elementor-section elementor-top-section elementor-element elementor-element-6e3239fc elementor-section-boxed elementor-section-height-default elementor-section-height-default\" data-id=\"6e3239fc\" data-element_type=\"section\" data-e-type=\"section\">\n\t\t\t\t\t\t<div class=\"elementor-container elementor-column-gap-extended\">\n\t\t\t\t\t<div class=\"elementor-column elementor-col-50 elementor-top-column elementor-element elementor-element-1a7880c5\" data-id=\"1a7880c5\" data-element_type=\"column\" data-e-type=\"column\">\n\t\t\t<div class=\"elementor-widget-wrap elementor-element-populated\">\n\t\t\t\t\t\t<div class=\"elementor-element elementor-element-7c31e27c elementor-widget elementor-widget-themedraft_section_title\" data-id=\"7c31e27c\" data-element_type=\"widget\" data-e-type=\"widget\" data-widget_type=\"themedraft_section_title.default\">\n\t\t\t\t<div class=\"elementor-widget-container\">\n\t\t\t\t\t\n        <div class=\"row\">\n            <div class=\"col-lg-12\">\n                <div class=\"td-section-title-wrap\">\n                    <div class=\"td-section-title-content\">\n\n                        <div class=\"subtitle-and-title\">\n                                                        <h6 class=\"subtitle\">Na kontaktoni<\/h6>\n                            \n                            <h2 class=\"title\">Mos hezitoni na kontaktoni                            <\/h2>\n                        <\/div>\n                                            <\/div>\n                <\/div>\n            <\/div>\n        <\/div>\n\n\t\t\t\t\t\t<\/div>\n\t\t\t\t<\/div>\n\t\t\t\t<section class=\"elementor-section elementor-inner-section elementor-element elementor-element-16585196 elementor-section-boxed elementor-section-height-default elementor-section-height-default\" data-id=\"16585196\" data-element_type=\"section\" data-e-type=\"section\">\n\t\t\t\t\t\t<div class=\"elementor-container elementor-column-gap-default\">\n\t\t\t\t\t<div class=\"elementor-column elementor-col-100 elementor-inner-column elementor-element elementor-element-330715a6\" data-id=\"330715a6\" data-element_type=\"column\" data-e-type=\"column\">\n\t\t\t<div class=\"elementor-widget-wrap elementor-element-populated\">\n\t\t\t\t\t\t<div class=\"elementor-element elementor-element-3505cefe elementor-widget elementor-widget-themedraft_contact_addresss\" data-id=\"3505cefe\" data-element_type=\"widget\" data-e-type=\"widget\" data-widget_type=\"themedraft_contact_addresss.default\">\n\t\t\t\t<div class=\"elementor-widget-container\">\n\t\t\t\t\t\n\t\t<div class=\"td-contact-info-wrapper\">\n\t\t\t<h3 class=\"main-title\">Kontaktet tona<\/h3>\n\n\t\t\t<ul class=\"contact-info-list\">\n\n\t\t\t\t\t\t\t\t\t\t<li>\n\t\t\t\t\t\t\t<h6 class=\"contact-list-title\"><i aria-hidden=\"true\" class=\"td-icon flaticon-business-telephone\"><\/i>Numri i telefonit<\/h6>\n\t\t\t\t\t\t\t<a href=\"tel:+355 69 215 6888\">+355 69 215 6888<\/a>\n\n\t\t\t\t\t\t<\/li>\n\n\t\t\t\t\t\t\t\t\t\t<li>\n\t\t\t\t\t\t\t<h6 class=\"contact-list-title\"><i aria-hidden=\"true\" class=\"td-icon flaticon-business-close-envelope\"><\/i>Adresa e emailit<\/h6>\n\t\t\t\t\t\t\t<a href=\"mailto:avokatmalvinalika@gmail.com\">avokatmalvinalika@gmail.com<\/a>\t\t\t\t\t\t<\/li>\n\n\t\t\t\t\t\t\t<\/ul>\n\t\t<\/div>\n\n\t\t\t\t\t\t<\/div>\n\t\t\t\t<\/div>\n\t\t\t\t\t<\/div>\n\t\t<\/div>\n\t\t\t\t\t<\/div>\n\t\t<\/section>\n\t\t\t\t\t<\/div>\n\t\t<\/div>\n\t\t\t\t<div class=\"elementor-column elementor-col-50 elementor-top-column elementor-element elementor-element-7d93e64b\" data-id=\"7d93e64b\" data-element_type=\"column\" data-e-type=\"column\" data-settings=\"{&quot;background_background&quot;:&quot;classic&quot;}\">\n\t\t\t<div class=\"elementor-widget-wrap elementor-element-populated\">\n\t\t\t\t\t\t<div class=\"elementor-element elementor-element-f6a4c4f elementor-button-align-stretch elementor-widget elementor-widget-form\" data-id=\"f6a4c4f\" data-element_type=\"widget\" data-e-type=\"widget\" data-settings=\"{&quot;step_next_label&quot;:&quot;Next&quot;,&quot;step_previous_label&quot;:&quot;Previous&quot;,&quot;button_width&quot;:&quot;100&quot;,&quot;step_type&quot;:&quot;number_text&quot;,&quot;step_icon_shape&quot;:&quot;circle&quot;}\" data-widget_type=\"form.default\">\n\t\t\t\t<div class=\"elementor-widget-container\">\n\t\t\t\t\t\t\t<form class=\"elementor-form\" method=\"post\" name=\"New Form\">\n\t\t\t<input type=\"hidden\" name=\"post_id\" value=\"747\"\/>\n\t\t\t<input type=\"hidden\" name=\"form_id\" value=\"f6a4c4f\"\/>\n\t\t\t<input type=\"hidden\" name=\"referer_title\" value=\"Avokat &amp; Nd\u00ebrmjet\u00ebs Malvina Lika\" \/>\n\n\t\t\t\n\t\t\t<div class=\"elementor-form-fields-wrapper elementor-labels-above\">\n\t\t\t\t\t\t\t\t<div class=\"elementor-field-type-text elementor-field-group elementor-column elementor-field-group-name elementor-col-50 elementor-field-required\">\n\t\t\t\t\t\t\t\t\t\t\t\t<label for=\"form-field-name\" class=\"elementor-field-label\">\n\t\t\t\t\t\t\t\tEmri\t\t\t\t\t\t\t<\/label>\n\t\t\t\t\t\t\t\t\t\t\t\t\t\t<input size=\"1\" type=\"text\" name=\"form_fields[name]\" id=\"form-field-name\" class=\"elementor-field elementor-size-sm  elementor-field-textual\" placeholder=\"Emri\" required=\"required\">\n\t\t\t\t\t\t\t\t\t\t\t<\/div>\n\t\t\t\t\t\t\t\t<div class=\"elementor-field-type-text elementor-field-group elementor-column elementor-field-group-field_100936b elementor-col-50 elementor-field-required\">\n\t\t\t\t\t\t\t\t\t\t\t\t<label for=\"form-field-field_100936b\" class=\"elementor-field-label\">\n\t\t\t\t\t\t\t\tMbiemri\t\t\t\t\t\t\t<\/label>\n\t\t\t\t\t\t\t\t\t\t\t\t\t\t<input size=\"1\" type=\"text\" name=\"form_fields[field_100936b]\" id=\"form-field-field_100936b\" class=\"elementor-field elementor-size-sm  elementor-field-textual\" placeholder=\"Mbiemri\" required=\"required\">\n\t\t\t\t\t\t\t\t\t\t\t<\/div>\n\t\t\t\t\t\t\t\t<div class=\"elementor-field-type-tel elementor-field-group elementor-column elementor-field-group-email elementor-col-50 elementor-field-required\">\n\t\t\t\t\t\t\t\t\t\t\t\t<label for=\"form-field-email\" class=\"elementor-field-label\">\n\t\t\t\t\t\t\t\tTelefon\t\t\t\t\t\t\t<\/label>\n\t\t\t\t\t\t\t\t<input size=\"1\" type=\"tel\" name=\"form_fields[email]\" id=\"form-field-email\" class=\"elementor-field elementor-size-sm  elementor-field-textual\" placeholder=\"Telefon\" required=\"required\" pattern=\"[0-9()#&amp;+*-=.]+\" title=\"Only numbers and phone characters (#, -, *, etc) are accepted.\">\n\n\t\t\t\t\t\t<\/div>\n\t\t\t\t\t\t\t\t<div class=\"elementor-field-type-email elementor-field-group elementor-column elementor-field-group-field_9bebeff elementor-col-50 elementor-field-required\">\n\t\t\t\t\t\t\t\t\t\t\t\t<label for=\"form-field-field_9bebeff\" class=\"elementor-field-label\">\n\t\t\t\t\t\t\t\tEmail\t\t\t\t\t\t\t<\/label>\n\t\t\t\t\t\t\t\t\t\t\t\t\t\t<input size=\"1\" type=\"email\" name=\"form_fields[field_9bebeff]\" id=\"form-field-field_9bebeff\" class=\"elementor-field elementor-size-sm  elementor-field-textual\" placeholder=\"Email\" required=\"required\">\n\t\t\t\t\t\t\t\t\t\t\t<\/div>\n\t\t\t\t\t\t\t\t<div class=\"elementor-field-type-select elementor-field-group elementor-column elementor-field-group-field_37d8b22 elementor-col-100 elementor-field-required\">\n\t\t\t\t\t\t\t\t\t\t\t\t<label for=\"form-field-field_37d8b22\" class=\"elementor-field-label\">\n\t\t\t\t\t\t\t\tZgjidhni nj\u00eb sh\u00ebrbim\t\t\t\t\t\t\t<\/label>\n\t\t\t\t\t\t\t\t<div class=\"elementor-field elementor-select-wrapper remove-before \">\n\t\t\t<div class=\"select-caret-down-wrapper\">\n\t\t\t\t<svg aria-hidden=\"true\" class=\"e-font-icon-svg e-eicon-caret-down\" viewBox=\"0 0 571.4 571.4\" xmlns=\"http:\/\/www.w3.org\/2000\/svg\"><path d=\"M571 393Q571 407 561 418L311 668Q300 679 286 679T261 668L11 418Q0 407 0 393T11 368 36 357H536Q550 357 561 368T571 393Z\"><\/path><\/svg>\t\t\t<\/div>\n\t\t\t<select name=\"form_fields[field_37d8b22]\" id=\"form-field-field_37d8b22\" class=\"elementor-field-textual elementor-size-sm\" required=\"required\">\n\t\t\t\t\t\t\t\t\t<option value=\"ligji_demsperblimeve\">Ligji i D\u00ebmshp\u00ebrblimeve<\/option>\n\t\t\t\t\t\t\t\t\t<option value=\"avokati_shoqerite_tregtare\">Avokati p\u00ebr Shoq\u00ebrit\u00eb Tregtare<\/option>\n\t\t\t\t\t\t\t\t\t<option value=\"sherbime_investitoret_huaj\">Sh\u00ebrbime Ligjore p\u00ebr Investitor\u00ebt e Huaj<\/option>\n\t\t\t\t\t\t\t\t\t<option value=\"sherbime_pronat_patundshme\">Sh\u00ebrbime Ligjore p\u00ebr Transaksione t\u00eb Pronave t\u00eb Patundshme<\/option>\n\t\t\t\t\t\t\t<\/select>\n\t\t<\/div>\n\t\t\t\t\t\t<\/div>\n\t\t\t\t\t\t\t\t<div class=\"elementor-field-type-textarea elementor-field-group elementor-column elementor-field-group-message elementor-col-100\">\n\t\t\t\t\t\t\t\t\t\t\t\t<label for=\"form-field-message\" class=\"elementor-field-label\">\n\t\t\t\t\t\t\t\tMesazhi juaj\t\t\t\t\t\t\t<\/label>\n\t\t\t\t\t\t<textarea class=\"elementor-field-textual elementor-field  elementor-size-sm\" name=\"form_fields[message]\" id=\"form-field-message\" rows=\"4\" placeholder=\"Mesazhi juaj\"><\/textarea>\t\t\t\t<\/div>\n\t\t\t\t\t\t\t\t<div class=\"elementor-field-group elementor-column elementor-field-type-submit elementor-col-100 e-form__buttons\">\n\t\t\t\t\t<button class=\"elementor-button elementor-size-sm\" type=\"submit\">\n\t\t\t\t\t\t<span class=\"elementor-button-content-wrapper\">\n\t\t\t\t\t\t\t\t\t\t\t\t\t\t\t\t\t\t\t\t\t\t<span class=\"elementor-button-text\">D\u00ebrgo<\/span>\n\t\t\t\t\t\t\t\t\t\t\t\t\t<\/span>\n\t\t\t\t\t<\/button>\n\t\t\t\t<\/div>\n\t\t\t<\/div>\n\t\t<\/form>\n\t\t\t\t\t\t<\/div>\n\t\t\t\t<\/div>\n\t\t\t\t\t<\/div>\n\t\t<\/div>\n\t\t\t\t\t<\/div>\n\t\t<\/section>\n\t\t\t\t<section class=\"elementor-section elementor-top-section elementor-element elementor-element-39f7035d elementor-section-stretched elementor-section-full_width elementor-section-height-default elementor-section-height-default\" data-id=\"39f7035d\" data-element_type=\"section\" data-e-type=\"section\" data-settings=\"{&quot;stretch_section&quot;:&quot;section-stretched&quot;}\">\n\t\t\t\t\t\t<div class=\"elementor-container elementor-column-gap-no\">\n\t\t\t\t\t<div class=\"elementor-column elementor-col-100 elementor-top-column elementor-element elementor-element-554a9a99\" data-id=\"554a9a99\" data-element_type=\"column\" data-e-type=\"column\">\n\t\t\t<div class=\"elementor-widget-wrap elementor-element-populated\">\n\t\t\t\t<div class=\"elementor-element elementor-element-e1b5de0 e-con-full e-flex e-con e-parent\" data-id=\"e1b5de0\" data-element_type=\"container\" data-e-type=\"container\">\n\t\t\t\t<div class=\"elementor-element elementor-element-94b751f elementor-widget__width-inherit elementor-widget elementor-widget-html\" data-id=\"94b751f\" data-element_type=\"widget\" data-e-type=\"widget\" data-widget_type=\"html.default\">\n\t\t\t\t<div class=\"elementor-widget-container\">\n\t\t\t\t\t<iframe src=\"https:\/\/www.google.com\/maps\/embed?pb=!1m14!1m8!1m3!1d11983.297332807597!2d19.7763641!3d41.3344331!3m2!1i1024!2i768!4f13.1!3m3!1m2!1s0x13503130a66d129d%3A0x10edfe93650c44!2sAvokat%20%26%20Nd%C3%ABrmjet%C3%ABs%20Malvina%20Lika!5e0!3m2!1ssq!2s!4v1715031302330!5m2!1ssq!2s\" width=\"600\" height=\"450\" style=\"border:0;\" allowfullscreen=\"\" loading=\"lazy\" referrerpolicy=\"no-referrer-when-downgrade\"><\/iframe>\t\t\t\t<\/div>\n\t\t\t\t<\/div>\n\t\t\t\t<\/div>\n\t\t\t\t\t<\/div>\n\t\t<\/div>\n\t\t\t\t\t<\/div>\n\t\t<\/section>\n\t\t\t\t<\/div>\n\t\t","protected":false},"excerpt":{"rendered":"<p>Na kontaktoni Mos hezitoni na kontaktoni Kontaktet tona Numri i telefonit +355 69 215 6888 Adresa e emailit avokatmalvinalika@gmail.com<\/p>\n","protected":false},"author":1,"featured_media":0,"parent":0,"menu_order":0,"comment_status":"closed","ping_status":"closed","template":"","meta":{"_joinchat":[],"footnotes":""},"class_list":["post-747","page","type-page","status-publish","hentry"],"yoast_head":"<!-- This site is optimized with the Yoast SEO plugin v26.9 - https:\/\/yoast.com\/product\/yoast-seo-wordpress\/ -->\n<title>Kontakt - Avokat &amp; Nd\u00ebrmjet\u00ebs Malvina Lika<\/title>\n<meta name=\"robots\" content=\"index, follow, max-snippet:-1, max-image-preview:large, max-video-preview:-1\" \/>\n<link rel=\"canonical\" href=\"https:\/\/avokatmalvinalika.com\/sq\/kontakt\/\" \/>\n<meta property=\"og:locale\" content=\"sq_AL\" \/>\n<meta property=\"og:type\" content=\"article\" \/>\n<meta property=\"og:title\" content=\"Kontakt - Avokat &amp; Nd\u00ebrmjet\u00ebs Malvina Lika\" \/>\n<meta property=\"og:description\" content=\"Na kontaktoni Mos hezitoni na kontaktoni Kontaktet tona Numri i telefonit +355 69 215 6888 Adresa e emailit avokatmalvinalika@gmail.com\" \/>\n<meta property=\"og:url\" content=\"https:\/\/avokatmalvinalika.com\/sq\/kontakt\/\" \/>\n<meta property=\"og:site_name\" content=\"Avokat &amp; Nd\u00ebrmjet\u00ebs Malvina Lika\" \/>\n<meta property=\"article:modified_time\" content=\"2024-05-10T23:47:21+00:00\" \/>\n<meta property=\"og:image\" content=\"https:\/\/avokatmalvinalika.com\/wp-content\/uploads\/2024\/05\/cropped-MALVINA-LIKA-2.png\" \/>\n\t<meta property=\"og:image:width\" content=\"512\" \/>\n\t<meta property=\"og:image:height\" content=\"512\" \/>\n\t<meta property=\"og:image:type\" content=\"image\/png\" \/>\n<meta name=\"twitter:card\" content=\"summary_large_image\" \/>\n<script type=\"application\/ld+json\" class=\"yoast-schema-graph\">{\"@context\":\"https:\/\/schema.org\",\"@graph\":[{\"@type\":\"WebPage\",\"@id\":\"https:\/\/avokatmalvinalika.com\/sq\/kontakt\/\",\"url\":\"https:\/\/avokatmalvinalika.com\/sq\/kontakt\/\",\"name\":\"Kontakt - Avokat &amp; Nd\u00ebrmjet\u00ebs Malvina Lika\",\"isPartOf\":{\"@id\":\"https:\/\/avokatmalvinalika.com\/#website\"},\"datePublished\":\"2024-03-22T00:21:49+00:00\",\"dateModified\":\"2024-05-10T23:47:21+00:00\",\"breadcrumb\":{\"@id\":\"https:\/\/avokatmalvinalika.com\/sq\/kontakt\/#breadcrumb\"},\"inLanguage\":\"sq-AL\",\"potentialAction\":[{\"@type\":\"ReadAction\",\"target\":[\"https:\/\/avokatmalvinalika.com\/sq\/kontakt\/\"]}]},{\"@type\":\"BreadcrumbList\",\"@id\":\"https:\/\/avokatmalvinalika.com\/sq\/kontakt\/#breadcrumb\",\"itemListElement\":[{\"@type\":\"ListItem\",\"position\":1,\"name\":\"Home\",\"item\":\"https:\/\/avokatmalvinalika.com\/sq\/\"},{\"@type\":\"ListItem\",\"position\":2,\"name\":\"Kontakt\"}]},{\"@type\":\"WebSite\",\"@id\":\"https:\/\/avokatmalvinalika.com\/#website\",\"url\":\"https:\/\/avokatmalvinalika.com\/\",\"name\":\"Avokat &amp; Nd\u00ebrmjet\u00ebs Malvina Lika\",\"description\":\"Nd\u00ebrmjet\u00ebse Tirane\",\"potentialAction\":[{\"@type\":\"SearchAction\",\"target\":{\"@type\":\"EntryPoint\",\"urlTemplate\":\"https:\/\/avokatmalvinalika.com\/?s={search_term_string}\"},\"query-input\":{\"@type\":\"PropertyValueSpecification\",\"valueRequired\":true,\"valueName\":\"search_term_string\"}}],\"inLanguage\":\"sq-AL\"}]}<\/script>\n<!-- \/ Yoast SEO plugin. -->","yoast_head_json":{"title":"Kontakt - Avokat &amp; Nd\u00ebrmjet\u00ebs Malvina Lika","robots":{"index":"index","follow":"follow","max-snippet":"max-snippet:-1","max-image-preview":"max-image-preview:large","max-video-preview":"max-video-preview:-1"},"canonical":"https:\/\/avokatmalvinalika.com\/sq\/kontakt\/","og_locale":"sq_AL","og_type":"article","og_title":"Kontakt - Avokat &amp; Nd\u00ebrmjet\u00ebs Malvina Lika","og_description":"Na kontaktoni Mos hezitoni na kontaktoni Kontaktet tona Numri i telefonit +355 69 215 6888 Adresa e emailit avokatmalvinalika@gmail.com","og_url":"https:\/\/avokatmalvinalika.com\/sq\/kontakt\/","og_site_name":"Avokat &amp; Nd\u00ebrmjet\u00ebs Malvina Lika","article_modified_time":"2024-05-10T23:47:21+00:00","og_image":[{"width":512,"height":512,"url":"https:\/\/avokatmalvinalika.com\/wp-content\/uploads\/2024\/05\/cropped-MALVINA-LIKA-2.png","type":"image\/png"}],"twitter_card":"summary_large_image","schema":{"@context":"https:\/\/schema.org","@graph":[{"@type":"WebPage","@id":"https:\/\/avokatmalvinalika.com\/sq\/kontakt\/","url":"https:\/\/avokatmalvinalika.com\/sq\/kontakt\/","name":"Kontakt - Avokat &amp; Nd\u00ebrmjet\u00ebs Malvina Lika","isPartOf":{"@id":"https:\/\/avokatmalvinalika.com\/#website"},"datePublished":"2024-03-22T00:21:49+00:00","dateModified":"2024-05-10T23:47:21+00:00","breadcrumb":{"@id":"https:\/\/avokatmalvinalika.com\/sq\/kontakt\/#breadcrumb"},"inLanguage":"sq-AL","potentialAction":[{"@type":"ReadAction","target":["https:\/\/avokatmalvinalika.com\/sq\/kontakt\/"]}]},{"@type":"BreadcrumbList","@id":"https:\/\/avokatmalvinalika.com\/sq\/kontakt\/#breadcrumb","itemListElement":[{"@type":"ListItem","position":1,"name":"Home","item":"https:\/\/avokatmalvinalika.com\/sq\/"},{"@type":"ListItem","position":2,"name":"Kontakt"}]},{"@type":"WebSite","@id":"https:\/\/avokatmalvinalika.com\/#website","url":"https:\/\/avokatmalvinalika.com\/","name":"Avokat &amp; Nd\u00ebrmjet\u00ebs Malvina Lika","description":"Nd\u00ebrmjet\u00ebse Tirane","potentialAction":[{"@type":"SearchAction","target":{"@type":"EntryPoint","urlTemplate":"https:\/\/avokatmalvinalika.com\/?s={search_term_string}"},"query-input":{"@type":"PropertyValueSpecification","valueRequired":true,"valueName":"search_term_string"}}],"inLanguage":"sq-AL"}]}},"_links":{"self":[{"href":"https:\/\/avokatmalvinalika.com\/sq\/wp-json\/wp\/v2\/pages\/747","targetHints":{"allow":["GET"]}}],"collection":[{"href":"https:\/\/avokatmalvinalika.com\/sq\/wp-json\/wp\/v2\/pages"}],"about":[{"href":"https:\/\/avokatmalvinalika.com\/sq\/wp-json\/wp\/v2\/types\/page"}],"author":[{"embeddable":true,"href":"https:\/\/avokatmalvinalika.com\/sq\/wp-json\/wp\/v2\/users\/1"}],"replies":[{"embeddable":true,"href":"https:\/\/avokatmalvinalika.com\/sq\/wp-json\/wp\/v2\/comments?post=747"}],"version-history":[{"count":6,"href":"https:\/\/avokatmalvinalika.com\/sq\/wp-json\/wp\/v2\/pages\/747\/revisions"}],"predecessor-version":[{"id":826,"href":"https:\/\/avokatmalvinalika.com\/sq\/wp-json\/wp\/v2\/pages\/747\/revisions\/826"}],"wp:attachment":[{"href":"https:\/\/avokatmalvinalika.com\/sq\/wp-json\/wp\/v2\/media?parent=747"}],"curies":[{"name":"wp","href":"https:\/\/api.w.org\/{rel}","templated":true}]}}