{"id":743,"date":"2024-03-22T00:10:22","date_gmt":"2024-03-22T00:10:22","guid":{"rendered":"https:\/\/avokatmalvinalika.com\/certifikatat\/"},"modified":"2024-05-10T23:11:56","modified_gmt":"2024-05-10T23:11:56","slug":"certifikatat","status":"publish","type":"page","link":"https:\/\/avokatmalvinalika.com\/sq\/certifikatat\/","title":{"rendered":"Certifikatat"},"content":{"rendered":"\t\t<div data-elementor-type=\"wp-page\" data-elementor-id=\"743\" class=\"elementor elementor-743 elementor-41\" data-elementor-post-type=\"page\">\n\t\t\t\t\t\t<section class=\"elementor-section elementor-top-section elementor-element elementor-element-dc310c3 elementor-section-boxed elementor-section-height-default elementor-section-height-default\" data-id=\"dc310c3\" data-element_type=\"section\" data-e-type=\"section\">\n\t\t\t\t\t\t<div class=\"elementor-container elementor-column-gap-default\">\n\t\t\t\t\t<div class=\"elementor-column elementor-col-100 elementor-top-column elementor-element elementor-element-7dff22a9\" data-id=\"7dff22a9\" data-element_type=\"column\" data-e-type=\"column\">\n\t\t\t<div class=\"elementor-widget-wrap elementor-element-populated\">\n\t\t\t\t\t\t<div class=\"elementor-element elementor-element-d035dbd gallery-spacing-custom elementor-widget elementor-widget-image-gallery\" data-id=\"d035dbd\" data-element_type=\"widget\" data-e-type=\"widget\" data-widget_type=\"image-gallery.default\">\n\t\t\t\t<div class=\"elementor-widget-container\">\n\t\t\t\t\t\t\t<div class=\"elementor-image-gallery\">\n\t\t\t<div id='gallery-1' class='gallery galleryid-743 gallery-columns-3 gallery-size-full'><figure class='gallery-item'>\n\t\t\t<div class='gallery-icon landscape'>\n\t\t\t\t<a data-elementor-open-lightbox=\"yes\" data-elementor-lightbox-slideshow=\"d035dbd\" data-elementor-lightbox-title=\"IMG_9744\" data-e-action-hash=\"#elementor-action%3Aaction%3Dlightbox%26settings%3DeyJpZCI6NzExLCJ1cmwiOiJodHRwczpcL1wvYXZva2F0bWFsdmluYWxpa2EuY29tXC93cC1jb250ZW50XC91cGxvYWRzXC8yMDI0XC8wNFwvSU1HXzk3NDQtc2NhbGVkLmpwZyIsInNsaWRlc2hvdyI6ImQwMzVkYmQifQ%3D%3D\" href='https:\/\/avokatmalvinalika.com\/wp-content\/uploads\/2024\/04\/IMG_9744-scaled.jpg'><img fetchpriority=\"high\" decoding=\"async\" width=\"2560\" height=\"1537\" src=\"https:\/\/avokatmalvinalika.com\/wp-content\/uploads\/2024\/04\/IMG_9744-scaled.jpg\" class=\"attachment-full size-full\" alt=\"\" srcset=\"https:\/\/avokatmalvinalika.com\/wp-content\/uploads\/2024\/04\/IMG_9744-scaled.jpg 2560w, https:\/\/avokatmalvinalika.com\/wp-content\/uploads\/2024\/04\/IMG_9744-300x180.jpg 300w, https:\/\/avokatmalvinalika.com\/wp-content\/uploads\/2024\/04\/IMG_9744-1024x615.jpg 1024w, https:\/\/avokatmalvinalika.com\/wp-content\/uploads\/2024\/04\/IMG_9744-768x461.jpg 768w, https:\/\/avokatmalvinalika.com\/wp-content\/uploads\/2024\/04\/IMG_9744-1536x922.jpg 1536w, https:\/\/avokatmalvinalika.com\/wp-content\/uploads\/2024\/04\/IMG_9744-2048x1230.jpg 2048w\" sizes=\"(max-width: 2560px) 100vw, 2560px\" \/><\/a>\n\t\t\t<\/div><\/figure><figure class='gallery-item'>\n\t\t\t<div class='gallery-icon landscape'>\n\t\t\t\t<a data-elementor-open-lightbox=\"yes\" data-elementor-lightbox-slideshow=\"d035dbd\" data-elementor-lightbox-title=\"IMG_9729\" data-e-action-hash=\"#elementor-action%3Aaction%3Dlightbox%26settings%3DeyJpZCI6NzAxLCJ1cmwiOiJodHRwczpcL1wvYXZva2F0bWFsdmluYWxpa2EuY29tXC93cC1jb250ZW50XC91cGxvYWRzXC8yMDI0XC8wNFwvSU1HXzk3Mjktc2NhbGVkLmpwZyIsInNsaWRlc2hvdyI6ImQwMzVkYmQifQ%3D%3D\" href='https:\/\/avokatmalvinalika.com\/wp-content\/uploads\/2024\/04\/IMG_9729-scaled.jpg'><img decoding=\"async\" width=\"2560\" height=\"1880\" src=\"https:\/\/avokatmalvinalika.com\/wp-content\/uploads\/2024\/04\/IMG_9729-scaled.jpg\" class=\"attachment-full size-full\" alt=\"\" srcset=\"https:\/\/avokatmalvinalika.com\/wp-content\/uploads\/2024\/04\/IMG_9729-scaled.jpg 2560w, https:\/\/avokatmalvinalika.com\/wp-content\/uploads\/2024\/04\/IMG_9729-300x220.jpg 300w, https:\/\/avokatmalvinalika.com\/wp-content\/uploads\/2024\/04\/IMG_9729-1024x752.jpg 1024w, https:\/\/avokatmalvinalika.com\/wp-content\/uploads\/2024\/04\/IMG_9729-768x564.jpg 768w, https:\/\/avokatmalvinalika.com\/wp-content\/uploads\/2024\/04\/IMG_9729-1536x1128.jpg 1536w, https:\/\/avokatmalvinalika.com\/wp-content\/uploads\/2024\/04\/IMG_9729-2048x1504.jpg 2048w\" sizes=\"(max-width: 2560px) 100vw, 2560px\" \/><\/a>\n\t\t\t<\/div><\/figure><figure class='gallery-item'>\n\t\t\t<div class='gallery-icon landscape'>\n\t\t\t\t<a data-elementor-open-lightbox=\"yes\" data-elementor-lightbox-slideshow=\"d035dbd\" data-elementor-lightbox-title=\"IMG_9730\" data-e-action-hash=\"#elementor-action%3Aaction%3Dlightbox%26settings%3DeyJpZCI6NzAyLCJ1cmwiOiJodHRwczpcL1wvYXZva2F0bWFsdmluYWxpa2EuY29tXC93cC1jb250ZW50XC91cGxvYWRzXC8yMDI0XC8wNFwvSU1HXzk3MzAtc2NhbGVkLmpwZyIsInNsaWRlc2hvdyI6ImQwMzVkYmQifQ%3D%3D\" href='https:\/\/avokatmalvinalika.com\/wp-content\/uploads\/2024\/04\/IMG_9730-scaled.jpg'><img decoding=\"async\" width=\"2560\" height=\"1789\" src=\"https:\/\/avokatmalvinalika.com\/wp-content\/uploads\/2024\/04\/IMG_9730-scaled.jpg\" class=\"attachment-full size-full\" alt=\"\" srcset=\"https:\/\/avokatmalvinalika.com\/wp-content\/uploads\/2024\/04\/IMG_9730-scaled.jpg 2560w, https:\/\/avokatmalvinalika.com\/wp-content\/uploads\/2024\/04\/IMG_9730-300x210.jpg 300w, https:\/\/avokatmalvinalika.com\/wp-content\/uploads\/2024\/04\/IMG_9730-1024x716.jpg 1024w, https:\/\/avokatmalvinalika.com\/wp-content\/uploads\/2024\/04\/IMG_9730-768x537.jpg 768w, https:\/\/avokatmalvinalika.com\/wp-content\/uploads\/2024\/04\/IMG_9730-1536x1073.jpg 1536w, https:\/\/avokatmalvinalika.com\/wp-content\/uploads\/2024\/04\/IMG_9730-2048x1431.jpg 2048w\" sizes=\"(max-width: 2560px) 100vw, 2560px\" \/><\/a>\n\t\t\t<\/div><\/figure><figure class='gallery-item'>\n\t\t\t<div class='gallery-icon landscape'>\n\t\t\t\t<a data-elementor-open-lightbox=\"yes\" data-elementor-lightbox-slideshow=\"d035dbd\" data-elementor-lightbox-title=\"IMG_9743\" data-e-action-hash=\"#elementor-action%3Aaction%3Dlightbox%26settings%3DeyJpZCI6NzEwLCJ1cmwiOiJodHRwczpcL1wvYXZva2F0bWFsdmluYWxpa2EuY29tXC93cC1jb250ZW50XC91cGxvYWRzXC8yMDI0XC8wNFwvSU1HXzk3NDMtc2NhbGVkLmpwZyIsInNsaWRlc2hvdyI6ImQwMzVkYmQifQ%3D%3D\" href='https:\/\/avokatmalvinalika.com\/wp-content\/uploads\/2024\/04\/IMG_9743-scaled.jpg'><img loading=\"lazy\" decoding=\"async\" width=\"2560\" height=\"1920\" src=\"https:\/\/avokatmalvinalika.com\/wp-content\/uploads\/2024\/04\/IMG_9743-scaled.jpg\" class=\"attachment-full size-full\" alt=\"\" srcset=\"https:\/\/avokatmalvinalika.com\/wp-content\/uploads\/2024\/04\/IMG_9743-scaled.jpg 2560w, https:\/\/avokatmalvinalika.com\/wp-content\/uploads\/2024\/04\/IMG_9743-300x225.jpg 300w, https:\/\/avokatmalvinalika.com\/wp-content\/uploads\/2024\/04\/IMG_9743-1024x768.jpg 1024w, https:\/\/avokatmalvinalika.com\/wp-content\/uploads\/2024\/04\/IMG_9743-768x576.jpg 768w, https:\/\/avokatmalvinalika.com\/wp-content\/uploads\/2024\/04\/IMG_9743-1536x1152.jpg 1536w, https:\/\/avokatmalvinalika.com\/wp-content\/uploads\/2024\/04\/IMG_9743-2048x1536.jpg 2048w\" sizes=\"(max-width: 2560px) 100vw, 2560px\" \/><\/a>\n\t\t\t<\/div><\/figure><figure class='gallery-item'>\n\t\t\t<div class='gallery-icon landscape'>\n\t\t\t\t<a data-elementor-open-lightbox=\"yes\" data-elementor-lightbox-slideshow=\"d035dbd\" data-elementor-lightbox-title=\"IMG_9733\" data-e-action-hash=\"#elementor-action%3Aaction%3Dlightbox%26settings%3DeyJpZCI6NzAzLCJ1cmwiOiJodHRwczpcL1wvYXZva2F0bWFsdmluYWxpa2EuY29tXC93cC1jb250ZW50XC91cGxvYWRzXC8yMDI0XC8wNFwvSU1HXzk3MzMtc2NhbGVkLmpwZyIsInNsaWRlc2hvdyI6ImQwMzVkYmQifQ%3D%3D\" href='https:\/\/avokatmalvinalika.com\/wp-content\/uploads\/2024\/04\/IMG_9733-scaled.jpg'><img loading=\"lazy\" decoding=\"async\" width=\"2560\" height=\"1776\" src=\"https:\/\/avokatmalvinalika.com\/wp-content\/uploads\/2024\/04\/IMG_9733-scaled.jpg\" class=\"attachment-full size-full\" alt=\"\" srcset=\"https:\/\/avokatmalvinalika.com\/wp-content\/uploads\/2024\/04\/IMG_9733-scaled.jpg 2560w, https:\/\/avokatmalvinalika.com\/wp-content\/uploads\/2024\/04\/IMG_9733-300x208.jpg 300w, https:\/\/avokatmalvinalika.com\/wp-content\/uploads\/2024\/04\/IMG_9733-1024x710.jpg 1024w, https:\/\/avokatmalvinalika.com\/wp-content\/uploads\/2024\/04\/IMG_9733-768x533.jpg 768w, https:\/\/avokatmalvinalika.com\/wp-content\/uploads\/2024\/04\/IMG_9733-1536x1066.jpg 1536w, https:\/\/avokatmalvinalika.com\/wp-content\/uploads\/2024\/04\/IMG_9733-2048x1421.jpg 2048w\" sizes=\"(max-width: 2560px) 100vw, 2560px\" \/><\/a>\n\t\t\t<\/div><\/figure><figure class='gallery-item'>\n\t\t\t<div class='gallery-icon landscape'>\n\t\t\t\t<a data-elementor-open-lightbox=\"yes\" data-elementor-lightbox-slideshow=\"d035dbd\" data-elementor-lightbox-title=\"IMG_9734\" data-e-action-hash=\"#elementor-action%3Aaction%3Dlightbox%26settings%3DeyJpZCI6NzA0LCJ1cmwiOiJodHRwczpcL1wvYXZva2F0bWFsdmluYWxpa2EuY29tXC93cC1jb250ZW50XC91cGxvYWRzXC8yMDI0XC8wNFwvSU1HXzk3MzQtc2NhbGVkLmpwZyIsInNsaWRlc2hvdyI6ImQwMzVkYmQifQ%3D%3D\" href='https:\/\/avokatmalvinalika.com\/wp-content\/uploads\/2024\/04\/IMG_9734-scaled.jpg'><img loading=\"lazy\" decoding=\"async\" width=\"2560\" height=\"1804\" src=\"https:\/\/avokatmalvinalika.com\/wp-content\/uploads\/2024\/04\/IMG_9734-scaled.jpg\" class=\"attachment-full size-full\" alt=\"\" srcset=\"https:\/\/avokatmalvinalika.com\/wp-content\/uploads\/2024\/04\/IMG_9734-scaled.jpg 2560w, https:\/\/avokatmalvinalika.com\/wp-content\/uploads\/2024\/04\/IMG_9734-300x211.jpg 300w, https:\/\/avokatmalvinalika.com\/wp-content\/uploads\/2024\/04\/IMG_9734-1024x722.jpg 1024w, https:\/\/avokatmalvinalika.com\/wp-content\/uploads\/2024\/04\/IMG_9734-768x541.jpg 768w, https:\/\/avokatmalvinalika.com\/wp-content\/uploads\/2024\/04\/IMG_9734-1536x1083.jpg 1536w, https:\/\/avokatmalvinalika.com\/wp-content\/uploads\/2024\/04\/IMG_9734-2048x1444.jpg 2048w\" sizes=\"(max-width: 2560px) 100vw, 2560px\" \/><\/a>\n\t\t\t<\/div><\/figure><figure class='gallery-item'>\n\t\t\t<div class='gallery-icon landscape'>\n\t\t\t\t<a data-elementor-open-lightbox=\"yes\" data-elementor-lightbox-slideshow=\"d035dbd\" data-elementor-lightbox-title=\"IMG_9737\" data-e-action-hash=\"#elementor-action%3Aaction%3Dlightbox%26settings%3DeyJpZCI6NzA1LCJ1cmwiOiJodHRwczpcL1wvYXZva2F0bWFsdmluYWxpa2EuY29tXC93cC1jb250ZW50XC91cGxvYWRzXC8yMDI0XC8wNFwvSU1HXzk3Mzctc2NhbGVkLmpwZyIsInNsaWRlc2hvdyI6ImQwMzVkYmQifQ%3D%3D\" href='https:\/\/avokatmalvinalika.com\/wp-content\/uploads\/2024\/04\/IMG_9737-scaled.jpg'><img loading=\"lazy\" decoding=\"async\" width=\"2560\" height=\"1816\" src=\"https:\/\/avokatmalvinalika.com\/wp-content\/uploads\/2024\/04\/IMG_9737-scaled.jpg\" class=\"attachment-full size-full\" alt=\"\" srcset=\"https:\/\/avokatmalvinalika.com\/wp-content\/uploads\/2024\/04\/IMG_9737-scaled.jpg 2560w, https:\/\/avokatmalvinalika.com\/wp-content\/uploads\/2024\/04\/IMG_9737-300x213.jpg 300w, https:\/\/avokatmalvinalika.com\/wp-content\/uploads\/2024\/04\/IMG_9737-1024x726.jpg 1024w, https:\/\/avokatmalvinalika.com\/wp-content\/uploads\/2024\/04\/IMG_9737-768x545.jpg 768w, https:\/\/avokatmalvinalika.com\/wp-content\/uploads\/2024\/04\/IMG_9737-1536x1089.jpg 1536w, https:\/\/avokatmalvinalika.com\/wp-content\/uploads\/2024\/04\/IMG_9737-2048x1452.jpg 2048w\" sizes=\"(max-width: 2560px) 100vw, 2560px\" \/><\/a>\n\t\t\t<\/div><\/figure><figure class='gallery-item'>\n\t\t\t<div class='gallery-icon landscape'>\n\t\t\t\t<a data-elementor-open-lightbox=\"yes\" data-elementor-lightbox-slideshow=\"d035dbd\" data-elementor-lightbox-title=\"IMG_9739\" data-e-action-hash=\"#elementor-action%3Aaction%3Dlightbox%26settings%3DeyJpZCI6NzA3LCJ1cmwiOiJodHRwczpcL1wvYXZva2F0bWFsdmluYWxpa2EuY29tXC93cC1jb250ZW50XC91cGxvYWRzXC8yMDI0XC8wNFwvSU1HXzk3Mzktc2NhbGVkLmpwZyIsInNsaWRlc2hvdyI6ImQwMzVkYmQifQ%3D%3D\" href='https:\/\/avokatmalvinalika.com\/wp-content\/uploads\/2024\/04\/IMG_9739-scaled.jpg'><img loading=\"lazy\" decoding=\"async\" width=\"2560\" height=\"1815\" src=\"https:\/\/avokatmalvinalika.com\/wp-content\/uploads\/2024\/04\/IMG_9739-scaled.jpg\" class=\"attachment-full size-full\" alt=\"\" srcset=\"https:\/\/avokatmalvinalika.com\/wp-content\/uploads\/2024\/04\/IMG_9739-scaled.jpg 2560w, https:\/\/avokatmalvinalika.com\/wp-content\/uploads\/2024\/04\/IMG_9739-300x213.jpg 300w, https:\/\/avokatmalvinalika.com\/wp-content\/uploads\/2024\/04\/IMG_9739-1024x726.jpg 1024w, https:\/\/avokatmalvinalika.com\/wp-content\/uploads\/2024\/04\/IMG_9739-768x545.jpg 768w, https:\/\/avokatmalvinalika.com\/wp-content\/uploads\/2024\/04\/IMG_9739-1536x1089.jpg 1536w, https:\/\/avokatmalvinalika.com\/wp-content\/uploads\/2024\/04\/IMG_9739-2048x1452.jpg 2048w\" sizes=\"(max-width: 2560px) 100vw, 2560px\" \/><\/a>\n\t\t\t<\/div><\/figure><figure class='gallery-item'>\n\t\t\t<div class='gallery-icon landscape'>\n\t\t\t\t<a data-elementor-open-lightbox=\"yes\" data-elementor-lightbox-slideshow=\"d035dbd\" data-elementor-lightbox-title=\"IMG_9740\" data-e-action-hash=\"#elementor-action%3Aaction%3Dlightbox%26settings%3DeyJpZCI6NzA4LCJ1cmwiOiJodHRwczpcL1wvYXZva2F0bWFsdmluYWxpa2EuY29tXC93cC1jb250ZW50XC91cGxvYWRzXC8yMDI0XC8wNFwvSU1HXzk3NDAtc2NhbGVkLmpwZyIsInNsaWRlc2hvdyI6ImQwMzVkYmQifQ%3D%3D\" href='https:\/\/avokatmalvinalika.com\/wp-content\/uploads\/2024\/04\/IMG_9740-scaled.jpg'><img loading=\"lazy\" decoding=\"async\" width=\"2560\" height=\"1841\" src=\"https:\/\/avokatmalvinalika.com\/wp-content\/uploads\/2024\/04\/IMG_9740-scaled.jpg\" class=\"attachment-full size-full\" alt=\"\" srcset=\"https:\/\/avokatmalvinalika.com\/wp-content\/uploads\/2024\/04\/IMG_9740-scaled.jpg 2560w, https:\/\/avokatmalvinalika.com\/wp-content\/uploads\/2024\/04\/IMG_9740-300x216.jpg 300w, https:\/\/avokatmalvinalika.com\/wp-content\/uploads\/2024\/04\/IMG_9740-1024x737.jpg 1024w, https:\/\/avokatmalvinalika.com\/wp-content\/uploads\/2024\/04\/IMG_9740-768x552.jpg 768w, https:\/\/avokatmalvinalika.com\/wp-content\/uploads\/2024\/04\/IMG_9740-1536x1105.jpg 1536w, https:\/\/avokatmalvinalika.com\/wp-content\/uploads\/2024\/04\/IMG_9740-2048x1473.jpg 2048w\" sizes=\"(max-width: 2560px) 100vw, 2560px\" \/><\/a>\n\t\t\t<\/div><\/figure>\n\t\t<\/div>\n\t\t<\/div>\n\t\t\t\t\t\t<\/div>\n\t\t\t\t<\/div>\n\t\t\t\t\t<\/div>\n\t\t<\/div>\n\t\t\t\t\t<\/div>\n\t\t<\/section>\n\t\t\t\t<\/div>\n\t\t","protected":false},"excerpt":{"rendered":"","protected":false},"author":1,"featured_media":0,"parent":0,"menu_order":0,"comment_status":"closed","ping_status":"closed","template":"","meta":{"_joinchat":[],"footnotes":""},"class_list":["post-743","page","type-page","status-publish","hentry"],"yoast_head":"<!-- This site is optimized with the Yoast SEO plugin v26.9 - https:\/\/yoast.com\/product\/yoast-seo-wordpress\/ -->\n<title>Certifikatat - Avokat &amp; Nd\u00ebrmjet\u00ebs Malvina Lika<\/title>\n<meta name=\"robots\" content=\"index, follow, max-snippet:-1, max-image-preview:large, max-video-preview:-1\" \/>\n<link rel=\"canonical\" href=\"https:\/\/avokatmalvinalika.com\/sq\/certifikatat\/\" \/>\n<meta property=\"og:locale\" content=\"sq_AL\" \/>\n<meta property=\"og:type\" content=\"article\" \/>\n<meta property=\"og:title\" content=\"Certifikatat - Avokat &amp; Nd\u00ebrmjet\u00ebs Malvina Lika\" \/>\n<meta property=\"og:url\" content=\"https:\/\/avokatmalvinalika.com\/sq\/certifikatat\/\" \/>\n<meta property=\"og:site_name\" content=\"Avokat &amp; Nd\u00ebrmjet\u00ebs Malvina Lika\" \/>\n<meta property=\"article:modified_time\" content=\"2024-05-10T23:11:56+00:00\" \/>\n<meta property=\"og:image\" content=\"https:\/\/avokatmalvinalika.com\/wp-content\/uploads\/2024\/04\/IMG_9744-scaled.jpg\" \/>\n<meta name=\"twitter:card\" content=\"summary_large_image\" \/>\n<script type=\"application\/ld+json\" class=\"yoast-schema-graph\">{\"@context\":\"https:\/\/schema.org\",\"@graph\":[{\"@type\":\"WebPage\",\"@id\":\"https:\/\/avokatmalvinalika.com\/sq\/certifikatat\/\",\"url\":\"https:\/\/avokatmalvinalika.com\/sq\/certifikatat\/\",\"name\":\"Certifikatat - Avokat &amp; Nd\u00ebrmjet\u00ebs Malvina Lika\",\"isPartOf\":{\"@id\":\"https:\/\/avokatmalvinalika.com\/#website\"},\"primaryImageOfPage\":{\"@id\":\"https:\/\/avokatmalvinalika.com\/sq\/certifikatat\/#primaryimage\"},\"image\":{\"@id\":\"https:\/\/avokatmalvinalika.com\/sq\/certifikatat\/#primaryimage\"},\"thumbnailUrl\":\"https:\/\/avokatmalvinalika.com\/wp-content\/uploads\/2024\/04\/IMG_9744-scaled.jpg\",\"datePublished\":\"2024-03-22T00:10:22+00:00\",\"dateModified\":\"2024-05-10T23:11:56+00:00\",\"breadcrumb\":{\"@id\":\"https:\/\/avokatmalvinalika.com\/sq\/certifikatat\/#breadcrumb\"},\"inLanguage\":\"sq-AL\",\"potentialAction\":[{\"@type\":\"ReadAction\",\"target\":[\"https:\/\/avokatmalvinalika.com\/sq\/certifikatat\/\"]}]},{\"@type\":\"ImageObject\",\"inLanguage\":\"sq-AL\",\"@id\":\"https:\/\/avokatmalvinalika.com\/sq\/certifikatat\/#primaryimage\",\"url\":\"https:\/\/avokatmalvinalika.com\/wp-content\/uploads\/2024\/04\/IMG_9744-scaled.jpg\",\"contentUrl\":\"https:\/\/avokatmalvinalika.com\/wp-content\/uploads\/2024\/04\/IMG_9744-scaled.jpg\"},{\"@type\":\"BreadcrumbList\",\"@id\":\"https:\/\/avokatmalvinalika.com\/sq\/certifikatat\/#breadcrumb\",\"itemListElement\":[{\"@type\":\"ListItem\",\"position\":1,\"name\":\"Home\",\"item\":\"https:\/\/avokatmalvinalika.com\/sq\/\"},{\"@type\":\"ListItem\",\"position\":2,\"name\":\"Certifikatat\"}]},{\"@type\":\"WebSite\",\"@id\":\"https:\/\/avokatmalvinalika.com\/#website\",\"url\":\"https:\/\/avokatmalvinalika.com\/\",\"name\":\"Avokat &amp; Nd\u00ebrmjet\u00ebs Malvina Lika\",\"description\":\"Nd\u00ebrmjet\u00ebse Tirane\",\"potentialAction\":[{\"@type\":\"SearchAction\",\"target\":{\"@type\":\"EntryPoint\",\"urlTemplate\":\"https:\/\/avokatmalvinalika.com\/?s={search_term_string}\"},\"query-input\":{\"@type\":\"PropertyValueSpecification\",\"valueRequired\":true,\"valueName\":\"search_term_string\"}}],\"inLanguage\":\"sq-AL\"}]}<\/script>\n<!-- \/ Yoast SEO plugin. -->","yoast_head_json":{"title":"Certifikatat - Avokat &amp; Nd\u00ebrmjet\u00ebs Malvina Lika","robots":{"index":"index","follow":"follow","max-snippet":"max-snippet:-1","max-image-preview":"max-image-preview:large","max-video-preview":"max-video-preview:-1"},"canonical":"https:\/\/avokatmalvinalika.com\/sq\/certifikatat\/","og_locale":"sq_AL","og_type":"article","og_title":"Certifikatat - Avokat &amp; Nd\u00ebrmjet\u00ebs Malvina Lika","og_url":"https:\/\/avokatmalvinalika.com\/sq\/certifikatat\/","og_site_name":"Avokat &amp; Nd\u00ebrmjet\u00ebs Malvina Lika","article_modified_time":"2024-05-10T23:11:56+00:00","og_image":[{"url":"https:\/\/avokatmalvinalika.com\/wp-content\/uploads\/2024\/04\/IMG_9744-scaled.jpg","type":"","width":"","height":""}],"twitter_card":"summary_large_image","schema":{"@context":"https:\/\/schema.org","@graph":[{"@type":"WebPage","@id":"https:\/\/avokatmalvinalika.com\/sq\/certifikatat\/","url":"https:\/\/avokatmalvinalika.com\/sq\/certifikatat\/","name":"Certifikatat - Avokat &amp; Nd\u00ebrmjet\u00ebs Malvina Lika","isPartOf":{"@id":"https:\/\/avokatmalvinalika.com\/#website"},"primaryImageOfPage":{"@id":"https:\/\/avokatmalvinalika.com\/sq\/certifikatat\/#primaryimage"},"image":{"@id":"https:\/\/avokatmalvinalika.com\/sq\/certifikatat\/#primaryimage"},"thumbnailUrl":"https:\/\/avokatmalvinalika.com\/wp-content\/uploads\/2024\/04\/IMG_9744-scaled.jpg","datePublished":"2024-03-22T00:10:22+00:00","dateModified":"2024-05-10T23:11:56+00:00","breadcrumb":{"@id":"https:\/\/avokatmalvinalika.com\/sq\/certifikatat\/#breadcrumb"},"inLanguage":"sq-AL","potentialAction":[{"@type":"ReadAction","target":["https:\/\/avokatmalvinalika.com\/sq\/certifikatat\/"]}]},{"@type":"ImageObject","inLanguage":"sq-AL","@id":"https:\/\/avokatmalvinalika.com\/sq\/certifikatat\/#primaryimage","url":"https:\/\/avokatmalvinalika.com\/wp-content\/uploads\/2024\/04\/IMG_9744-scaled.jpg","contentUrl":"https:\/\/avokatmalvinalika.com\/wp-content\/uploads\/2024\/04\/IMG_9744-scaled.jpg"},{"@type":"BreadcrumbList","@id":"https:\/\/avokatmalvinalika.com\/sq\/certifikatat\/#breadcrumb","itemListElement":[{"@type":"ListItem","position":1,"name":"Home","item":"https:\/\/avokatmalvinalika.com\/sq\/"},{"@type":"ListItem","position":2,"name":"Certifikatat"}]},{"@type":"WebSite","@id":"https:\/\/avokatmalvinalika.com\/#website","url":"https:\/\/avokatmalvinalika.com\/","name":"Avokat &amp; Nd\u00ebrmjet\u00ebs Malvina Lika","description":"Nd\u00ebrmjet\u00ebse Tirane","potentialAction":[{"@type":"SearchAction","target":{"@type":"EntryPoint","urlTemplate":"https:\/\/avokatmalvinalika.com\/?s={search_term_string}"},"query-input":{"@type":"PropertyValueSpecification","valueRequired":true,"valueName":"search_term_string"}}],"inLanguage":"sq-AL"}]}},"_links":{"self":[{"href":"https:\/\/avokatmalvinalika.com\/sq\/wp-json\/wp\/v2\/pages\/743","targetHints":{"allow":["GET"]}}],"collection":[{"href":"https:\/\/avokatmalvinalika.com\/sq\/wp-json\/wp\/v2\/pages"}],"about":[{"href":"https:\/\/avokatmalvinalika.com\/sq\/wp-json\/wp\/v2\/types\/page"}],"author":[{"embeddable":true,"href":"https:\/\/avokatmalvinalika.com\/sq\/wp-json\/wp\/v2\/users\/1"}],"replies":[{"embeddable":true,"href":"https:\/\/avokatmalvinalika.com\/sq\/wp-json\/wp\/v2\/comments?post=743"}],"version-history":[{"count":3,"href":"https:\/\/avokatmalvinalika.com\/sq\/wp-json\/wp\/v2\/pages\/743\/revisions"}],"predecessor-version":[{"id":746,"href":"https:\/\/avokatmalvinalika.com\/sq\/wp-json\/wp\/v2\/pages\/743\/revisions\/746"}],"wp:attachment":[{"href":"https:\/\/avokatmalvinalika.com\/sq\/wp-json\/wp\/v2\/media?parent=743"}],"curies":[{"name":"wp","href":"https:\/\/api.w.org\/{rel}","templated":true}]}}